{"id":25,"date":"2022-04-11T18:22:25","date_gmt":"2022-04-11T18:22:25","guid":{"rendered":"http:\/\/www.acasarumare.it\/home\/?page_id=25"},"modified":"2024-03-12T21:15:31","modified_gmt":"2024-03-12T21:15:31","slug":"benvenuti","status":"publish","type":"page","link":"https:\/\/www.acasarumare.it\/home\/","title":{"rendered":"Benvenuti"},"content":{"rendered":"\n<div class=\"wp-block-getwid-images-slider has-arrows-inside has-dots-inside has-images-center has-cropped-images\"><div class=\"wp-block-getwid-images-slider__wrapper\" data-effect=\"slide\" data-slides-show=\"1\" data-slides-show-laptop=\"1\" data-slides-show-tablet=\"1\" data-slides-show-mobile=\"1\" data-slides-scroll=\"1\" data-autoplay=\"false\" data-autoplay-speed=\"6000\" data-infinite=\"true\" data-animation-speed=\"800\" data-center-mode=\"false\" data-variable-width=\"false\" data-arrows=\"inside\" data-dots=\"inside\" data-spacing=\"none\"><div class=\"wp-block-getwid-images-slider__item\"><figure><img loading=\"lazy\" width=\"2560\" height=\"1707\" src=\"http:\/\/www.acasarumare.it\/home\/wp-content\/uploads\/2022\/04\/DSC_1347mod-scaled.jpg\" data-id=\"160\" data-link=\"http:\/\/www.acasarumare.it\/home\/dsc_1347mod\/\" data-original-link=\"http:\/\/www.acasarumare.it\/home\/wp-content\/uploads\/2022\/04\/DSC_1347mod-scaled.jpg\" class=\"wp-block-getwid-images-slider__image wp-image-160\" srcset=\"https:\/\/www.acasarumare.it\/home\/wp-content\/uploads\/2022\/04\/DSC_1347mod-scaled.jpg 2560w, https:\/\/www.acasarumare.it\/home\/wp-content\/uploads\/2022\/04\/DSC_1347mod-300x200.jpg 300w, https:\/\/www.acasarumare.it\/home\/wp-content\/uploads\/2022\/04\/DSC_1347mod-1024x683.jpg 1024w, https:\/\/www.acasarumare.it\/home\/wp-content\/uploads\/2022\/04\/DSC_1347mod-768x512.jpg 768w, https:\/\/www.acasarumare.it\/home\/wp-content\/uploads\/2022\/04\/DSC_1347mod-1536x1024.jpg 1536w, https:\/\/www.acasarumare.it\/home\/wp-content\/uploads\/2022\/04\/DSC_1347mod-2048x1365.jpg 2048w, https:\/\/www.acasarumare.it\/home\/wp-content\/uploads\/2022\/04\/DSC_1347mod-892x594.jpg 892w, https:\/\/www.acasarumare.it\/home\/wp-content\/uploads\/2022\/04\/DSC_1347mod-150x100.jpg 150w\" sizes=\"(max-width: 2560px) 100vw, 2560px\" \/><\/figure><\/div><div class=\"wp-block-getwid-images-slider__item\"><figure><img loading=\"lazy\" width=\"2560\" height=\"1802\" src=\"http:\/\/www.acasarumare.it\/home\/wp-content\/uploads\/2022\/04\/DSC_1343-scaled.jpg\" data-id=\"159\" data-link=\"http:\/\/www.acasarumare.it\/home\/dsc_1343\/\" data-original-link=\"http:\/\/www.acasarumare.it\/home\/wp-content\/uploads\/2022\/04\/DSC_1343-scaled.jpg\" class=\"wp-block-getwid-images-slider__image wp-image-159\" srcset=\"https:\/\/www.acasarumare.it\/home\/wp-content\/uploads\/2022\/04\/DSC_1343-scaled.jpg 2560w, https:\/\/www.acasarumare.it\/home\/wp-content\/uploads\/2022\/04\/DSC_1343-300x211.jpg 300w, https:\/\/www.acasarumare.it\/home\/wp-content\/uploads\/2022\/04\/DSC_1343-1024x721.jpg 1024w, https:\/\/www.acasarumare.it\/home\/wp-content\/uploads\/2022\/04\/DSC_1343-768x541.jpg 768w, https:\/\/www.acasarumare.it\/home\/wp-content\/uploads\/2022\/04\/DSC_1343-1536x1081.jpg 1536w, https:\/\/www.acasarumare.it\/home\/wp-content\/uploads\/2022\/04\/DSC_1343-2048x1442.jpg 2048w, https:\/\/www.acasarumare.it\/home\/wp-content\/uploads\/2022\/04\/DSC_1343-892x628.jpg 892w\" sizes=\"(max-width: 2560px) 100vw, 2560px\" \/><\/figure><\/div><div class=\"wp-block-getwid-images-slider__item\"><figure><img loading=\"lazy\" width=\"2560\" height=\"1707\" src=\"http:\/\/www.acasarumare.it\/home\/wp-content\/uploads\/2022\/04\/DSC_1348mod-scaled.jpg\" data-id=\"161\" data-link=\"http:\/\/www.acasarumare.it\/home\/dsc_1348mod\/\" data-original-link=\"http:\/\/www.acasarumare.it\/home\/wp-content\/uploads\/2022\/04\/DSC_1348mod-scaled.jpg\" class=\"wp-block-getwid-images-slider__image wp-image-161\" srcset=\"https:\/\/www.acasarumare.it\/home\/wp-content\/uploads\/2022\/04\/DSC_1348mod-scaled.jpg 2560w, https:\/\/www.acasarumare.it\/home\/wp-content\/uploads\/2022\/04\/DSC_1348mod-300x200.jpg 300w, https:\/\/www.acasarumare.it\/home\/wp-content\/uploads\/2022\/04\/DSC_1348mod-1024x683.jpg 1024w, https:\/\/www.acasarumare.it\/home\/wp-content\/uploads\/2022\/04\/DSC_1348mod-768x512.jpg 768w, https:\/\/www.acasarumare.it\/home\/wp-content\/uploads\/2022\/04\/DSC_1348mod-1536x1024.jpg 1536w, https:\/\/www.acasarumare.it\/home\/wp-content\/uploads\/2022\/04\/DSC_1348mod-2048x1365.jpg 2048w, https:\/\/www.acasarumare.it\/home\/wp-content\/uploads\/2022\/04\/DSC_1348mod-892x594.jpg 892w, https:\/\/www.acasarumare.it\/home\/wp-content\/uploads\/2022\/04\/DSC_1348mod-150x100.jpg 150w\" sizes=\"(max-width: 2560px) 100vw, 2560px\" \/><\/figure><\/div><div class=\"wp-block-getwid-images-slider__item\"><figure><img loading=\"lazy\" width=\"2560\" height=\"1707\" src=\"http:\/\/www.acasarumare.it\/home\/wp-content\/uploads\/2022\/04\/DSC_1237-scaled.jpg\" data-id=\"155\" data-link=\"http:\/\/www.acasarumare.it\/home\/dsc_1237\/\" data-original-link=\"http:\/\/www.acasarumare.it\/home\/wp-content\/uploads\/2022\/04\/DSC_1237-scaled.jpg\" class=\"wp-block-getwid-images-slider__image wp-image-155\" srcset=\"https:\/\/www.acasarumare.it\/home\/wp-content\/uploads\/2022\/04\/DSC_1237-scaled.jpg 2560w, https:\/\/www.acasarumare.it\/home\/wp-content\/uploads\/2022\/04\/DSC_1237-300x200.jpg 300w, https:\/\/www.acasarumare.it\/home\/wp-content\/uploads\/2022\/04\/DSC_1237-1024x683.jpg 1024w, https:\/\/www.acasarumare.it\/home\/wp-content\/uploads\/2022\/04\/DSC_1237-768x512.jpg 768w, https:\/\/www.acasarumare.it\/home\/wp-content\/uploads\/2022\/04\/DSC_1237-1536x1024.jpg 1536w, https:\/\/www.acasarumare.it\/home\/wp-content\/uploads\/2022\/04\/DSC_1237-2048x1365.jpg 2048w, https:\/\/www.acasarumare.it\/home\/wp-content\/uploads\/2022\/04\/DSC_1237-892x594.jpg 892w, https:\/\/www.acasarumare.it\/home\/wp-content\/uploads\/2022\/04\/DSC_1237-150x100.jpg 150w\" sizes=\"(max-width: 2560px) 100vw, 2560px\" \/><\/figure><\/div><div class=\"wp-block-getwid-images-slider__item\"><figure><img loading=\"lazy\" width=\"2560\" height=\"1707\" src=\"http:\/\/www.acasarumare.it\/home\/wp-content\/uploads\/2022\/04\/DSC_1395-scaled.jpg\" data-id=\"171\" data-link=\"http:\/\/www.acasarumare.it\/home\/benvenuti\/attachment\/dsc_1395\/\" data-original-link=\"http:\/\/www.acasarumare.it\/home\/wp-content\/uploads\/2022\/04\/DSC_1395-scaled.jpg\" class=\"wp-block-getwid-images-slider__image wp-image-171\" srcset=\"https:\/\/www.acasarumare.it\/home\/wp-content\/uploads\/2022\/04\/DSC_1395-scaled.jpg 2560w, https:\/\/www.acasarumare.it\/home\/wp-content\/uploads\/2022\/04\/DSC_1395-300x200.jpg 300w, https:\/\/www.acasarumare.it\/home\/wp-content\/uploads\/2022\/04\/DSC_1395-1024x683.jpg 1024w, https:\/\/www.acasarumare.it\/home\/wp-content\/uploads\/2022\/04\/DSC_1395-768x512.jpg 768w, https:\/\/www.acasarumare.it\/home\/wp-content\/uploads\/2022\/04\/DSC_1395-1536x1024.jpg 1536w, https:\/\/www.acasarumare.it\/home\/wp-content\/uploads\/2022\/04\/DSC_1395-2048x1365.jpg 2048w, https:\/\/www.acasarumare.it\/home\/wp-content\/uploads\/2022\/04\/DSC_1395-892x594.jpg 892w, https:\/\/www.acasarumare.it\/home\/wp-content\/uploads\/2022\/04\/DSC_1395-150x100.jpg 150w\" sizes=\"(max-width: 2560px) 100vw, 2560px\" \/><\/figure><\/div><div class=\"wp-block-getwid-images-slider__item\"><figure><img loading=\"lazy\" width=\"2560\" height=\"1707\" src=\"http:\/\/www.acasarumare.it\/home\/wp-content\/uploads\/2022\/04\/DSC_1431-1-scaled.jpg\" data-id=\"174\" data-link=\"http:\/\/www.acasarumare.it\/home\/benvenuti\/attachment\/dsc_1431-1\/\" data-original-link=\"http:\/\/www.acasarumare.it\/home\/wp-content\/uploads\/2022\/04\/DSC_1431-1-scaled.jpg\" class=\"wp-block-getwid-images-slider__image wp-image-174\" srcset=\"https:\/\/www.acasarumare.it\/home\/wp-content\/uploads\/2022\/04\/DSC_1431-1-scaled.jpg 2560w, https:\/\/www.acasarumare.it\/home\/wp-content\/uploads\/2022\/04\/DSC_1431-1-300x200.jpg 300w, https:\/\/www.acasarumare.it\/home\/wp-content\/uploads\/2022\/04\/DSC_1431-1-1024x683.jpg 1024w, https:\/\/www.acasarumare.it\/home\/wp-content\/uploads\/2022\/04\/DSC_1431-1-768x512.jpg 768w, https:\/\/www.acasarumare.it\/home\/wp-content\/uploads\/2022\/04\/DSC_1431-1-1536x1024.jpg 1536w, https:\/\/www.acasarumare.it\/home\/wp-content\/uploads\/2022\/04\/DSC_1431-1-2048x1365.jpg 2048w, https:\/\/www.acasarumare.it\/home\/wp-content\/uploads\/2022\/04\/DSC_1431-1-892x594.jpg 892w, https:\/\/www.acasarumare.it\/home\/wp-content\/uploads\/2022\/04\/DSC_1431-1-150x100.jpg 150w\" sizes=\"(max-width: 2560px) 100vw, 2560px\" \/><\/figure><\/div><\/div><\/div>\n\n\n\n<div class=\"wp-block-columns\">\n<div class=\"wp-block-column\">\n<figure class=\"wp-block-image size-large\"><img loading=\"lazy\" width=\"1024\" height=\"576\" src=\"http:\/\/www.acasarumare.it\/home\/wp-content\/uploads\/2022\/04\/maxresdefault-1024x576.jpg\" alt=\"\" class=\"wp-image-87\" srcset=\"https:\/\/www.acasarumare.it\/home\/wp-content\/uploads\/2022\/04\/maxresdefault-1024x576.jpg 1024w, https:\/\/www.acasarumare.it\/home\/wp-content\/uploads\/2022\/04\/maxresdefault-300x169.jpg 300w, https:\/\/www.acasarumare.it\/home\/wp-content\/uploads\/2022\/04\/maxresdefault-768x432.jpg 768w, https:\/\/www.acasarumare.it\/home\/wp-content\/uploads\/2022\/04\/maxresdefault-892x502.jpg 892w, https:\/\/www.acasarumare.it\/home\/wp-content\/uploads\/2022\/04\/maxresdefault.jpg 1280w\" sizes=\"(max-width: 1024px) 100vw, 1024px\" \/><\/figure>\n\n\n\n<h3>Lo spazio<\/h3>\n\n\n\n<p>L&#8217; immobile che \u00e8 stato recentemente ristrutturato, mantiene le vecchie caratteristiche delle vere e proprie case di paese. Al pianterreno subito dopo l&#8217; ingresso e un piccolo corridoio\/androne una camera da letto matrimoniale (con finestra) ed un bagno con servizi e piatto doccia. Si accede al piano superiore attraverso una comoda scala a chiocciola, dove si trova una cucina soggiorno con piano cottura con decori siciliani ed una cucina attrezzata. In cucina troverete un comodissimo divano letto (per eventuali posti aggiuntivi) ed un angolo dove poter guardare la TV digitale.<\/p>\n<\/div>\n\n\n\n<div class=\"wp-block-column\">\n<h2>Informazioni su questo spazio<\/h2>\n\n\n\n<p>Nella splendida cittadina di Castellammare del Golfo, nel cuore del centro storico, sorge la nostra piccola ma accogliente casa vacanze &#8221; A Casa Ru Mare&#8221;.<\/p>\n\n\n\n<figure class=\"wp-block-image size-full\"><img loading=\"lazy\" width=\"512\" height=\"512\" src=\"http:\/\/www.acasarumare.it\/home\/wp-content\/uploads\/2022\/04\/cropped-cropped-IMG_8014.jpg\" alt=\"\" class=\"wp-image-79\" srcset=\"https:\/\/www.acasarumare.it\/home\/wp-content\/uploads\/2022\/04\/cropped-cropped-IMG_8014.jpg 512w, https:\/\/www.acasarumare.it\/home\/wp-content\/uploads\/2022\/04\/cropped-cropped-IMG_8014-300x300.jpg 300w, https:\/\/www.acasarumare.it\/home\/wp-content\/uploads\/2022\/04\/cropped-cropped-IMG_8014-150x150.jpg 150w, https:\/\/www.acasarumare.it\/home\/wp-content\/uploads\/2022\/04\/cropped-cropped-IMG_8014-270x270.jpg 270w, https:\/\/www.acasarumare.it\/home\/wp-content\/uploads\/2022\/04\/cropped-cropped-IMG_8014-192x192.jpg 192w, https:\/\/www.acasarumare.it\/home\/wp-content\/uploads\/2022\/04\/cropped-cropped-IMG_8014-180x180.jpg 180w, https:\/\/www.acasarumare.it\/home\/wp-content\/uploads\/2022\/04\/cropped-cropped-IMG_8014-32x32.jpg 32w\" sizes=\"(max-width: 512px) 100vw, 512px\" \/><\/figure>\n<\/div>\n<\/div>\n\n\n\n<hr class=\"wp-block-separator\"\/>\n\n\n\n<div class=\"wp-container-7 wp-block-group alignwide\"><div class=\"wp-block-group__inner-container\">\n<div class=\"wp-block-columns alignwide\">\n<div class=\"wp-elements-2 wp-block-column has-whitesmoke-color has-text-color has-background has-link-color\" style=\"background-color:#45c7f7;padding-top:2em;padding-right:2em;padding-bottom:2em;padding-left:2em\">\n<h2 id=\"single\" style=\"font-size:40px\"><strong>Giugno<\/strong> 2024<\/h2>\n\n\n\n<p class=\"has-normal-font-size\" style=\"line-height:1.5\"><strong><strong><strong>Prenotazione da Sito<\/strong>.<\/strong> (Prezzo per 6 posti letto).<\/strong><\/p>\n\n\n\n<hr class=\"wp-block-separator has-text-color has-background is-style-wide\" style=\"background-color:#000000;color:#000000\"\/>\n\n\n\n<ul class=\"has-normal-font-size\"><li>Tassa di soggiorno inclusa<\/li><li>Chiamaci per prenotare.<\/li><\/ul>\n\n\n\n<div class=\"wp-container-1 wp-block-buttons alignfull\">\n<div class=\"wp-block-button has-custom-width wp-block-button__width-100\"><a class=\"wp-block-button__link has-white-color has-text-color has-background no-border-radius\" style=\"background-color:#000000\">\u20ac 600 settimana<\/a><\/div>\n<\/div>\n<\/div>\n\n\n\n<div class=\"wp-elements-4 wp-block-column has-whitesmoke-color has-text-color has-background has-link-color\" style=\"background-color:#55d1bc;padding-top:2em;padding-right:2em;padding-bottom:2em;padding-left:2em\">\n<h2 id=\"family\" style=\"font-size:40px\"><strong>Luglio<\/strong> 2024<\/h2>\n\n\n\n<p class=\"has-normal-font-size\" style=\"line-height:1.5\"><strong><strong>Prenotazione da Sito<\/strong>.<\/strong> (Prezzo per 6 posti letto).<\/p>\n\n\n\n<hr class=\"wp-block-separator is-style-wide\"\/>\n\n\n\n<ul class=\"has-normal-font-size\"><li>Tassa di soggiorno inclusa.<\/li><li>Chiamaci per prenotare.<\/li><\/ul>\n\n\n\n<div class=\"wp-container-3 wp-block-buttons alignfull\">\n<div class=\"wp-block-button has-custom-width wp-block-button__width-100 is-style-fill\"><a class=\"wp-block-button__link has-white-color has-text-color has-background no-border-radius\" style=\"background-color:#000000\">\u20ac 800 settimana<\/a><\/div>\n<\/div>\n<\/div>\n\n\n\n<div class=\"wp-elements-6 wp-block-column has-whitesmoke-color has-text-color has-background has-link-color\" style=\"background-color:#76adc5;padding-top:2em;padding-right:2em;padding-bottom:2em;padding-left:2em\">\n<h2 id=\"patron\" style=\"font-size:40px\"><strong>Agosto<\/strong> 2024<\/h2>\n\n\n\n<p class=\"has-normal-font-size\"><strong><strong><strong><strong>Prenotazione da Sito<\/strong>.<\/strong> (Prezzo per 6 posti letto).<\/strong><\/strong><\/p>\n\n\n\n<hr class=\"wp-block-separator is-style-wide\"\/>\n\n\n\n<ul class=\"has-normal-font-size\"><li>Settimana di Ferragosto Inclusa.<\/li><li>Tassa di soggiorno inclusa.<\/li><li>Chiamaci per prenotare.<\/li><\/ul>\n\n\n\n<div class=\"wp-container-5 wp-block-buttons alignfull\">\n<div class=\"wp-block-button has-custom-width wp-block-button__width-100\"><a class=\"wp-block-button__link has-white-color has-text-color has-background no-border-radius\" style=\"background-color:#000000\">\u20ac 1000 Settimana<\/a><\/div>\n<\/div>\n<\/div>\n<\/div>\n<\/div><\/div>\n\n\n\n<hr class=\"wp-block-separator\"\/>\n\n\n\n<figure class=\"wp-block-gallery has-nested-images columns-default is-cropped\">\n<figure class=\"wp-block-image size-large is-style-default\"><img loading=\"lazy\" width=\"1024\" height=\"647\" data-id=\"168\"  src=\"http:\/\/www.acasarumare.it\/home\/wp-content\/uploads\/2022\/04\/DSC_1259-1-1024x647.jpg\" alt=\"\" class=\"wp-image-168\" srcset=\"https:\/\/www.acasarumare.it\/home\/wp-content\/uploads\/2022\/04\/DSC_1259-1-1024x647.jpg 1024w, https:\/\/www.acasarumare.it\/home\/wp-content\/uploads\/2022\/04\/DSC_1259-1-300x190.jpg 300w, https:\/\/www.acasarumare.it\/home\/wp-content\/uploads\/2022\/04\/DSC_1259-1-768x485.jpg 768w, https:\/\/www.acasarumare.it\/home\/wp-content\/uploads\/2022\/04\/DSC_1259-1-1536x971.jpg 1536w, https:\/\/www.acasarumare.it\/home\/wp-content\/uploads\/2022\/04\/DSC_1259-1-2048x1294.jpg 2048w, https:\/\/www.acasarumare.it\/home\/wp-content\/uploads\/2022\/04\/DSC_1259-1-892x564.jpg 892w\" sizes=\"(max-width: 1024px) 100vw, 1024px\" \/><\/figure>\n\n\n\n<figure class=\"wp-block-image size-large is-style-default\"><img loading=\"lazy\" width=\"1024\" height=\"668\" data-id=\"169\"  src=\"http:\/\/www.acasarumare.it\/home\/wp-content\/uploads\/2022\/04\/DSC_1423mod-1024x668.jpg\" alt=\"\" class=\"wp-image-169\" srcset=\"https:\/\/www.acasarumare.it\/home\/wp-content\/uploads\/2022\/04\/DSC_1423mod-1024x668.jpg 1024w, https:\/\/www.acasarumare.it\/home\/wp-content\/uploads\/2022\/04\/DSC_1423mod-300x196.jpg 300w, https:\/\/www.acasarumare.it\/home\/wp-content\/uploads\/2022\/04\/DSC_1423mod-768x501.jpg 768w, https:\/\/www.acasarumare.it\/home\/wp-content\/uploads\/2022\/04\/DSC_1423mod-1536x1002.jpg 1536w, https:\/\/www.acasarumare.it\/home\/wp-content\/uploads\/2022\/04\/DSC_1423mod-2048x1336.jpg 2048w, https:\/\/www.acasarumare.it\/home\/wp-content\/uploads\/2022\/04\/DSC_1423mod-892x582.jpg 892w\" sizes=\"(max-width: 1024px) 100vw, 1024px\" \/><\/figure>\n\n\n\n<figure class=\"wp-block-image size-large is-style-default\"><img loading=\"lazy\" width=\"1024\" height=\"683\" data-id=\"170\"  src=\"http:\/\/www.acasarumare.it\/home\/wp-content\/uploads\/2022\/04\/DSC_1431-1024x683.jpg\" alt=\"\" class=\"wp-image-170\" srcset=\"https:\/\/www.acasarumare.it\/home\/wp-content\/uploads\/2022\/04\/DSC_1431-1024x683.jpg 1024w, https:\/\/www.acasarumare.it\/home\/wp-content\/uploads\/2022\/04\/DSC_1431-300x200.jpg 300w, https:\/\/www.acasarumare.it\/home\/wp-content\/uploads\/2022\/04\/DSC_1431-768x512.jpg 768w, https:\/\/www.acasarumare.it\/home\/wp-content\/uploads\/2022\/04\/DSC_1431-1536x1024.jpg 1536w, https:\/\/www.acasarumare.it\/home\/wp-content\/uploads\/2022\/04\/DSC_1431-2048x1365.jpg 2048w, https:\/\/www.acasarumare.it\/home\/wp-content\/uploads\/2022\/04\/DSC_1431-892x594.jpg 892w, https:\/\/www.acasarumare.it\/home\/wp-content\/uploads\/2022\/04\/DSC_1431-150x100.jpg 150w\" sizes=\"(max-width: 1024px) 100vw, 1024px\" \/><\/figure>\n<\/figure>\n\n\n<a href=\"https:\/\/www.booking.com\/hotel\/it\/a-casa-ru-mare.it.html?aid=304142;label=wp-banner-widget-prenota-ora-304142\" target=\"_blank\" class=\"bdotcom_bc_banner_link\" rel=\"nofollow\" aria-label=\"Search accommodations. Opens in a new tab.\"><div id=\"bdotcom_bc_mbe_banner_60\" class=\"bdotcom_bc_mbe_banner\" role=\"complementary\" data-ver=\"1.4.6\"><img class=\"bdotcom_bc_img\" src=\"https:\/\/www.acasarumare.it\/home\/wp-content\/uploads\/2022\/04\/DSC_1390-scaled.jpg\" alt=\"\" \/><div class=\"bdotcom_bc_copy_wrapper\"><div class=\"bdotcom_bc_copy\">A Casa Ru Mare<\/div><img class=\"bdotcom_bc_logo\" src=\"https:\/\/www.acasarumare.it\/home\/wp-content\/plugins\/bookingcom-banner-creator\/images\/booking_logotype_white_300x50.png\" \/><\/div><div class=\"bdotcom_bc_mbe_button\">Prenota ora<\/div><\/div><\/a>\n\n\n\n<hr class=\"wp-block-separator\"\/>\n\n\n\n<div class=\"wp-block-cover alignfull is-light\" style=\"min-height:100vh\"><span aria-hidden=\"true\" class=\"has-background-dim-100 wp-block-cover__gradient-background has-background-dim\" style=\"background-color:#ffffff\"><\/span><div class=\"wp-block-cover__inner-container\">\n<div class=\"wp-block-media-text alignwide is-stacked-on-mobile is-vertically-aligned-center is-image-fill\" style=\"grid-template-columns:56% auto\"><figure class=\"wp-block-media-text__media\" style=\"background-image:url(http:\/\/www.acasarumare.it\/home\/wp-content\/uploads\/2022\/04\/index-10-1024x684.jpeg);background-position:50% 50%\"><img loading=\"lazy\" width=\"1024\" height=\"684\" src=\"http:\/\/www.acasarumare.it\/home\/wp-content\/uploads\/2022\/04\/index-10-1024x684.jpeg\" alt=\"\" class=\"wp-image-82 size-full\" srcset=\"https:\/\/www.acasarumare.it\/home\/wp-content\/uploads\/2022\/04\/index-10-1024x684.jpeg 1024w, https:\/\/www.acasarumare.it\/home\/wp-content\/uploads\/2022\/04\/index-10-300x200.jpeg 300w, https:\/\/www.acasarumare.it\/home\/wp-content\/uploads\/2022\/04\/index-10-768x513.jpeg 768w, https:\/\/www.acasarumare.it\/home\/wp-content\/uploads\/2022\/04\/index-10-1536x1026.jpeg 1536w, https:\/\/www.acasarumare.it\/home\/wp-content\/uploads\/2022\/04\/index-10-892x596.jpeg 892w, https:\/\/www.acasarumare.it\/home\/wp-content\/uploads\/2022\/04\/index-10-150x100.jpeg 150w, https:\/\/www.acasarumare.it\/home\/wp-content\/uploads\/2022\/04\/index-10.jpeg 1920w\" sizes=\"(max-width: 1024px) 100vw, 1024px\" \/><\/figure><div class=\"wp-block-media-text__content\">\n<p><strong>Castellammare del Golfo<\/strong>&nbsp;(<em>Caste\u1e0d\u1e0dammari<\/em>&nbsp;in&nbsp;<a href=\"https:\/\/it.wikipedia.org\/wiki\/Lingua_siciliana\">siciliano<\/a>) \u00e8 un&nbsp;<a href=\"https:\/\/it.wikipedia.org\/wiki\/Comune_(Italia)\">comune italiano<\/a>&nbsp;di 14&nbsp;499 abitanti<sup><a href=\"https:\/\/it.wikipedia.org\/wiki\/Castellammare_del_Golfo#cite_note-template_divisione_amministrativa-abitanti-1\">[1]<\/a><\/sup>&nbsp;del&nbsp;<a href=\"https:\/\/it.wikipedia.org\/wiki\/Libero_consorzio_comunale_di_Trapani\">libero consorzio comunale di Trapani<\/a>&nbsp;in&nbsp;<a href=\"https:\/\/it.wikipedia.org\/wiki\/Sicilia\">Sicilia<\/a>.<\/p>\n\n\n\n<p>La cittadina sorge alle pendici del complesso&nbsp;<a href=\"https:\/\/it.wikipedia.org\/wiki\/Montagna\">montuoso<\/a>&nbsp;di&nbsp;<a href=\"https:\/\/it.wikipedia.org\/wiki\/Monte_Inici\">Monte Inici<\/a>&nbsp;e d\u00e0 il nome all&#8217;<a href=\"https:\/\/it.wikipedia.org\/wiki\/Golfo_di_Castellammare\">omonimo golfo<\/a>&nbsp;prospiciente il&nbsp;<a href=\"https:\/\/it.wikipedia.org\/wiki\/Castello_Arabo_Normanno\">castello<\/a>, delimitato a est da&nbsp;<a href=\"https:\/\/it.wikipedia.org\/wiki\/Capo_Rama\">capo Rama<\/a>&nbsp;e a ovest da&nbsp;<a href=\"https:\/\/it.wikipedia.org\/wiki\/Capo_San_Vito\">capo San Vito<\/a>. Basa la sua economia sul&nbsp;<a href=\"https:\/\/it.wikipedia.org\/wiki\/Turismo\">turismo<\/a>&nbsp;e, meno che in passato, sulla&nbsp;<a href=\"https:\/\/it.wikipedia.org\/wiki\/Vitis\">viticoltura<\/a>&nbsp;e la&nbsp;<a href=\"https:\/\/it.wikipedia.org\/wiki\/Pesca_commerciale\">pesca<\/a>. Oggi \u00e8 uno dei pi\u00f9 rinomati centri balneari della Sicilia e uno dei borghi di mare pi\u00f9 belli d&#8217;Italia. Sul suo territorio ricadono i&nbsp;<a href=\"https:\/\/it.wikipedia.org\/wiki\/Faraglioni_di_Scopello\">faraglioni di Scopello<\/a>, la&nbsp;<a href=\"https:\/\/it.wikipedia.org\/wiki\/Baia_di_Guidaloca\">baia di Guidaloca<\/a>, le&nbsp;<a href=\"https:\/\/it.wikipedia.org\/wiki\/Terme_Segestane\">Terme Segestane<\/a>&nbsp;e la parte pi\u00f9 orientale della&nbsp;<a href=\"https:\/\/it.wikipedia.org\/wiki\/Riserva_naturale_orientata_dello_Zingaro\">riserva naturale orientata dello Zingaro<\/a>.<\/p>\n\n\n\n<p>Di particolare interesse sono i tradizionali&nbsp;<a href=\"https:\/\/it.wikipedia.org\/wiki\/Festa_della_Madonna_del_Soccorso\">festeggiamenti in onore della Patrona<\/a>&nbsp;che annualmente si svolgono dal 19 al 21 agosto e la&nbsp;<em>Rievocazione storica Nostra Principalissima Patrona<\/em>&nbsp;che si celebrava ogni due anni e narra dell&#8217;attacco al porto da parte degli&nbsp;<a href=\"https:\/\/it.wikipedia.org\/wiki\/Inglesi\">inglesi<\/a>, sventato, secondo la leggenda, dall&#8217;arrivo della&nbsp;<a href=\"https:\/\/it.wikipedia.org\/wiki\/Madonna_del_Soccorso\">Madonna del Soccorso<\/a>. L\u2019ultima edizione si \u00e8 svolta il 13 settembre 2018 in occasione del 300\u00ba anniversario dell\u2019evento prodigioso.<\/p>\n<\/div><\/div>\n<\/div><\/div>\n\n\n\n<p><\/p>\n","protected":false},"excerpt":{"rendered":"<p>Lo spazio L&#8217; immobile che \u00e8 stato recentemente ristrutturato, mantiene le vecchie caratteristiche delle vere e proprie case di paese. Al pianterreno subito dopo l&#8217; ingresso e un piccolo corridoio\/androne una camera da letto matrimoniale (con finestra) ed un bagno con servizi e piatto doccia. Si accede al piano superiore attraverso una comoda scala a [&hellip;]<\/p>\n","protected":false},"author":1,"featured_media":0,"parent":0,"menu_order":0,"comment_status":"closed","ping_status":"closed","template":"","meta":[],"_links":{"self":[{"href":"https:\/\/www.acasarumare.it\/home\/wp-json\/wp\/v2\/pages\/25"}],"collection":[{"href":"https:\/\/www.acasarumare.it\/home\/wp-json\/wp\/v2\/pages"}],"about":[{"href":"https:\/\/www.acasarumare.it\/home\/wp-json\/wp\/v2\/types\/page"}],"author":[{"embeddable":true,"href":"https:\/\/www.acasarumare.it\/home\/wp-json\/wp\/v2\/users\/1"}],"replies":[{"embeddable":true,"href":"https:\/\/www.acasarumare.it\/home\/wp-json\/wp\/v2\/comments?post=25"}],"version-history":[{"count":39,"href":"https:\/\/www.acasarumare.it\/home\/wp-json\/wp\/v2\/pages\/25\/revisions"}],"predecessor-version":[{"id":188,"href":"https:\/\/www.acasarumare.it\/home\/wp-json\/wp\/v2\/pages\/25\/revisions\/188"}],"wp:attachment":[{"href":"https:\/\/www.acasarumare.it\/home\/wp-json\/wp\/v2\/media?parent=25"}],"curies":[{"name":"wp","href":"https:\/\/api.w.org\/{rel}","templated":true}]}}